{"id":2,"date":"2022-01-31T00:00:22","date_gmt":"2022-01-31T03:00:22","guid":{"rendered":"http:\/\/linconlcompany.com\/?page_id=2"},"modified":"2024-10-20T03:20:42","modified_gmt":"2024-10-20T06:20:42","slug":"fale-conosco","status":"publish","type":"page","link":"https:\/\/linconlcompany.com\/","title":{"rendered":"Linconl Company -Cria\u00e7\u00e3o de sites"},"content":{"rendered":"<p><img decoding=\"async\" width=\"300\" height=\"231\" src=\"http:\/\/linconlcompany.com\/wp-content\/uploads\/2023\/01\/criacao-de-sites-manaus-300x231.png\" alt=\"\" loading=\"lazy\" srcset=\"https:\/\/linconlcompany.com\/wp-content\/uploads\/2023\/01\/criacao-de-sites-manaus-300x231.png 300w, https:\/\/linconlcompany.com\/wp-content\/uploads\/2023\/01\/criacao-de-sites-manaus-768x591.png 768w, https:\/\/linconlcompany.com\/wp-content\/uploads\/2023\/01\/criacao-de-sites-manaus.png 1024w\" sizes=\"auto, (max-width: 300px) 100vw, 300px\" \/>\t\t\t\t\t\t\t\t\t\t\t\t\t\t\t<\/p>\n<p>Somos especializados em cria\u00e7\u00e3o de sites\u00a0 desde de 2004. Fale Conosco.<\/p>\n<p>\t\t\t\t\t\t\t\t\tQuem Somos<br \/>\n\t\t\t\t\t\t\t\t\tO que fazemos ?<br \/>\n\t\t\t\t\t\t\t\t\tContatos<br \/>\n\t\t\t\t\t\t\t\t\tQuem Somos<\/p>\n<p><style>.elementor-355 .elementor-element.elementor-element-709a55f:not(.elementor-motion-effects-element-type-background), .elementor-355 .elementor-element.elementor-element-709a55f > .elementor-motion-effects-container > .elementor-motion-effects-layer{background-color:#0F0F0F8A;}.elementor-355 .elementor-element.elementor-element-709a55f{transition:background 0.3s, border 0.3s, border-radius 0.3s, box-shadow 0.3s;}.elementor-355 .elementor-element.elementor-element-709a55f > .elementor-background-overlay{transition:background 0.3s, border-radius 0.3s, opacity 0.3s;}.elementor-355 .elementor-element.elementor-element-5b74f90{text-align:justify;color:#D8D8D8;font-family:\"Roboto\", Sans-serif;font-size:16px;font-weight:400;}.elementor-355 .elementor-element.elementor-element-9aaa5ed{text-align:center;color:#FFFFFF;font-family:\"Cantora One\", Sans-serif;font-size:19px;font-weight:400;}.elementor-355 .elementor-element.elementor-element-558d25d{text-align:center;color:#FFFFFF;font-family:\"Cantora One\", Sans-serif;font-size:19px;font-weight:400;}.elementor-355 .elementor-element.elementor-element-010dfe1{text-align:center;color:#FFFFFF;font-family:\"Cantora One\", Sans-serif;font-size:19px;font-weight:400;}<\/style>\n<section data-id=\"709a55f\" data-element_type=\"section\" data-settings=\"{&quot;background_background&quot;:&quot;classic&quot;}\">\n<p>&#8220;A LINCONL COMPANY \u2013 Servi\u00e7os Web \u00e9 uma prestadora de servi\u00e7os em cria\u00e7\u00e3o, programa\u00e7\u00e3o e controle de m\u00eddias web, temos profissionais com vis\u00e3o macro de mercado, estamos no mercado desde 2004, sempre atualizados com as novas tecnologias mundiais.\u00a0<\/p>\n<\/section>\n<section data-id=\"f8a579a\" data-element_type=\"section\">\n<p><strong>MISS\u00c3O <\/strong><br \/>Oferecer servi\u00e7os de qualidade adequando-se as novas tend\u00eancias do mercado, atendendo o cliente de forma eficiente, e em tempo h\u00e1bil.\u00a0<\/p>\n<p><strong>VIS\u00c3O<\/strong><br \/>Ser uma empresa reconhecida pelos servi\u00e7os de cria\u00e7\u00e3o de sites e sistemas, com atendimento de qualidade e transpar\u00eancia\u00a0<\/p>\n<p><strong>VALORES<br \/><\/strong>&#8220;Comprometimento,<br \/>Adaptabilidade, <br \/>\u00c9tica e Responsabilidade.&#8221;<\/p>\n<\/section>\n<p>\t\t\t\t\t\t\t\t\tO que fazemos ?<\/p>\n<p><style>.elementor-356 .elementor-element.elementor-element-775ebf1{color:#FFFFFF;font-family:\"Roboto\", Sans-serif;font-size:22px;font-weight:400;}<\/style>\n<section data-id=\"68cfe9b\" data-element_type=\"section\">\n<p>Cria\u00e7\u00e3o de sites<br \/>Loja Virtual<br \/>Catalogo Virtual<br \/>Consultoria\u00a0<br \/>Redes Sociais<\/p>\n<p>\u00a0<\/p>\n<\/section>\n<p>\t\t\t\t\t\t\t\t\tContatos<\/p>\n<p><style>.elementor-405 .elementor-element.elementor-element-465ceba2 > .elementor-container > .elementor-column > .elementor-widget-wrap{align-content:center;align-items:center;}.elementor-405 .elementor-element.elementor-element-465ceba2:not(.elementor-motion-effects-element-type-background), .elementor-405 .elementor-element.elementor-element-465ceba2 > .elementor-motion-effects-container > .elementor-motion-effects-layer{background-color:#00000080;}.elementor-405 .elementor-element.elementor-element-465ceba2{transition:background 0.3s, border 0.3s, border-radius 0.3s, box-shadow 0.3s;margin-top:10px;margin-bottom:10px;padding:20px 0px 100px 0px;}.elementor-405 .elementor-element.elementor-element-465ceba2 > .elementor-background-overlay{transition:background 0.3s, border-radius 0.3s, opacity 0.3s;}.elementor-405 .elementor-element.elementor-element-3aa6b346 > .elementor-container > .elementor-column > .elementor-widget-wrap{align-content:center;align-items:center;}.elementor-405 .elementor-element.elementor-element-3aa6b346{padding:35px 0px 0px 0px;}.elementor-bc-flex-widget .elementor-405 .elementor-element.elementor-element-2576f55.elementor-column .elementor-widget-wrap{align-items:flex-start;}.elementor-405 .elementor-element.elementor-element-2576f55.elementor-column.elementor-element[data-element_type=\"column\"] > .elementor-widget-wrap.elementor-element-populated{align-content:flex-start;align-items:flex-start;}.elementor-405 .elementor-element.elementor-element-561b5080 .elementor-heading-title{color:#ffffff;font-size:16px;font-weight:600;}.elementor-405 .elementor-element.elementor-element-561b5080 > .elementor-widget-container{margin:0px 0px 0px 10px;}.elementor-405 .elementor-element.elementor-element-6eb169a0 .elementor-heading-title{color:#ffffff;font-size:16px;font-weight:600;}.elementor-405 .elementor-element.elementor-element-6eb169a0 > .elementor-widget-container{margin:0px 0px 0px 010px;}.elementor-405 .elementor-element.elementor-element-4cd5986c .elementor-field-group{padding-right:calc( 11px\/2 );padding-left:calc( 11px\/2 );margin-bottom:22px;}.elementor-405 .elementor-element.elementor-element-4cd5986c .elementor-form-fields-wrapper{margin-left:calc( -11px\/2 );margin-right:calc( -11px\/2 );margin-bottom:-22px;}.elementor-405 .elementor-element.elementor-element-4cd5986c .elementor-field-group.recaptcha_v3-bottomleft, .elementor-405 .elementor-element.elementor-element-4cd5986c .elementor-field-group.recaptcha_v3-bottomright{margin-bottom:0;}body.rtl .elementor-405 .elementor-element.elementor-element-4cd5986c .elementor-labels-inline .elementor-field-group > label{padding-left:0px;}body:not(.rtl) .elementor-405 .elementor-element.elementor-element-4cd5986c .elementor-labels-inline .elementor-field-group > label{padding-right:0px;}body .elementor-405 .elementor-element.elementor-element-4cd5986c .elementor-labels-above .elementor-field-group > label{padding-bottom:0px;}.elementor-405 .elementor-element.elementor-element-4cd5986c .elementor-field-type-html{padding-bottom:0px;}.elementor-405 .elementor-element.elementor-element-4cd5986c .elementor-field-group .elementor-field{color:#ffffff;}.elementor-405 .elementor-element.elementor-element-4cd5986c .elementor-field-group .elementor-field, .elementor-405 .elementor-element.elementor-element-4cd5986c .elementor-field-subgroup label{font-size:16px;font-weight:400;}.elementor-405 .elementor-element.elementor-element-4cd5986c .elementor-field-group:not(.elementor-field-type-upload) .elementor-field:not(.elementor-select-wrapper){background-color:rgba(255,255,255,0);border-color:rgba(255,255,255,0.15);border-radius:0px 0px 0px 0px;}.elementor-405 .elementor-element.elementor-element-4cd5986c .elementor-field-group .elementor-select-wrapper select{background-color:rgba(255,255,255,0);border-color:rgba(255,255,255,0.15);border-radius:0px 0px 0px 0px;}.elementor-405 .elementor-element.elementor-element-4cd5986c .elementor-field-group .elementor-select-wrapper::before{color:rgba(255,255,255,0.15);}.elementor-405 .elementor-element.elementor-element-4cd5986c .elementor-button{font-size:15px;font-weight:600;text-transform:uppercase;border-radius:0px 0px 0px 0px;padding:15px 35px 15px 35px;}.elementor-405 .elementor-element.elementor-element-4cd5986c .e-form__buttons__wrapper__button-next{background-color:#ffffff;color:#000000;}.elementor-405 .elementor-element.elementor-element-4cd5986c .elementor-button[type=\"submit\"]{background-color:#ffffff;color:#000000;}.elementor-405 .elementor-element.elementor-element-4cd5986c .elementor-button[type=\"submit\"] svg *{fill:#000000;}.elementor-405 .elementor-element.elementor-element-4cd5986c .e-form__buttons__wrapper__button-previous{color:#ffffff;}.elementor-405 .elementor-element.elementor-element-4cd5986c .e-form__buttons__wrapper__button-next:hover{background-color:#00ce1b;color:#ffffff;}.elementor-405 .elementor-element.elementor-element-4cd5986c .elementor-button[type=\"submit\"]:hover{background-color:#00ce1b;color:#ffffff;}.elementor-405 .elementor-element.elementor-element-4cd5986c .elementor-button[type=\"submit\"]:hover svg *{fill:#ffffff;}.elementor-405 .elementor-element.elementor-element-4cd5986c .e-form__buttons__wrapper__button-previous:hover{color:#ffffff;}.elementor-405 .elementor-element.elementor-element-4cd5986c{--e-form-steps-indicators-spacing:20px;--e-form-steps-indicator-padding:30px;--e-form-steps-indicator-inactive-secondary-color:#ffffff;--e-form-steps-indicator-active-secondary-color:#ffffff;--e-form-steps-indicator-completed-secondary-color:#ffffff;--e-form-steps-divider-width:1px;--e-form-steps-divider-gap:10px;}.elementor-405 .elementor-element.elementor-element-4cd5986c > .elementor-widget-container{margin:0px 0px 0px 10px;}@media(max-width:1024px) and (min-width:768px){.elementor-405 .elementor-element.elementor-element-2576f55{width:55%;}.elementor-405 .elementor-element.elementor-element-4a952d87{width:45%;}}@media(max-width:1024px){.elementor-405 .elementor-element.elementor-element-465ceba2{padding:100px 25px 100px 25px;}}@media(max-width:767px){.elementor-405 .elementor-element.elementor-element-465ceba2{padding:50px 20px 50px 20px;}}<\/style>\n<section data-id=\"465ceba2\" data-element_type=\"section\" data-settings=\"{&quot;background_background&quot;:&quot;classic&quot;}\">\n<section data-id=\"3aa6b346\" data-element_type=\"section\">\n<h6>Telefone: 92 981972727<br \/>\n<\/h6>\n<h6>Email: contatos@linconlcompany.com<\/h6>\n<form method=\"post\" name=\"New Form\">\n\t\t\t<input type=\"hidden\" name=\"post_id\" value=\"405\"\/><br \/>\n\t\t\t<input type=\"hidden\" name=\"form_id\" value=\"4cd5986c\"\/><br \/>\n\t\t\t<input type=\"hidden\" name=\"referer_title\" value=\"\" \/><br \/>\n\t\t\t\t\t\t\t\t\t\t\t\t<label for=\"form-field-name\"><br \/>\n\t\t\t\t\t\t\t\tNOME\t\t\t\t\t\t\t<\/label><br \/>\n\t\t\t\t\t\t\t\t\t\t\t\t\t\t<input size=\"1\" type=\"text\" name=\"form_fields[name]\" id=\"form-field-name\" placeholder=\"NOME\"><br \/>\n\t\t\t\t\t\t\t\t\t\t\t\t<label for=\"form-field-email\"><br \/>\n\t\t\t\t\t\t\t\tE-MAIL\t\t\t\t\t\t\t<\/label><br \/>\n\t\t\t\t\t\t\t\t\t\t\t\t\t\t<input size=\"1\" type=\"email\" name=\"form_fields[email]\" id=\"form-field-email\" placeholder=\"E-MAIL\" required=\"required\" aria-required=\"true\"><br \/>\n\t\t\t\t\t\t\t\t\t\t\t\t<label for=\"form-field-field_db29e0d\"><br \/>\n\t\t\t\t\t\t\t\tTELEFONE\t\t\t\t\t\t\t<\/label><br \/>\n\t\t\t\t\t\t\t\t<input size=\"1\" type=\"tel\" name=\"form_fields[field_db29e0d]\" id=\"form-field-field_db29e0d\" placeholder=\"TELEFONE\" required=\"required\" aria-required=\"true\" pattern=\"[0-9()#&amp;+*-=.]+\" title=\"Only numbers and phone characters (#, -, *, etc) are accepted.\"><br \/>\n\t\t\t\t\t\t\t\t\t\t\t\t<label for=\"form-field-message\"><br \/>\n\t\t\t\t\t\t\t\tMENSAGEM\t\t\t\t\t\t\t<\/label><br \/>\n\t\t\t\t\t\t<textarea name=\"form_fields[message]\" id=\"form-field-message\" rows=\"4\" placeholder=\"MENSAGEM\"><\/textarea><br \/>\n\t\t\t\t\t<button type=\"submit\"><br \/>\n\t\t\t\t\t\t\t\t\t\t\t\t\t\t\t\t\t\t\t\t\t\tENVIAR<br \/>\n\t\t\t\t\t<\/button><br \/>\n\t\t<\/form>\n<\/section>\n<\/section>\n<p>\u00a9 2022 Todos Direitos Reservados <br \/>Lincoln Company &#8211; Desde de 2004<br \/>Cria\u00e7\u00e3o de sites Manaus<\/p>\n<p>\t\t\t\t\t<a href=\"https:\/\/www.facebook.com\/linconlcompany\/\" target=\"_blank\" rel=\"noopener\"><br \/>\n\t\t\t\t\t\tFacebook<br \/>\n\t\t\t\t\t\t\t\t\t\t\t<\/a><br \/>\n\t\t\t\t\t<a href=\"https:\/\/www.instagram.com\/lincolncompany\/?hl=bg\" target=\"_blank\" rel=\"noopener\"><br \/>\n\t\t\t\t\t\tInstagram<br \/>\n\t\t\t\t\t\t\t\t\t\t\t<\/a><\/p>\n<p>Parceria:<br \/><a href=\"https:\/\/www.facebook.com\/criacaodesitesmanaus\">Cria\u00e7\u00e3o de Sites Manaus<\/a><\/p>\n","protected":false},"excerpt":{"rendered":"<p>Somos especializados em cria\u00e7\u00e3o de sites\u00a0 desde de 2004. Fale Conosco. Quem Somos O que fazemos ? Contatos Quem Somos &#8220;A LINCONL COMPANY \u2013 Servi\u00e7os Web \u00e9 uma prestadora de servi\u00e7os em cria\u00e7\u00e3o, programa\u00e7\u00e3o e controle de m\u00eddias web, temos profissionais com vis\u00e3o macro de mercado, estamos no mercado desde 2004, sempre atualizados com as &hellip;<\/p>\n<p class=\"read-more\"> <a class=\"\" href=\"https:\/\/linconlcompany.com\/\"> <span class=\"screen-reader-text\">Linconl Company -Cria\u00e7\u00e3o de sites<\/span> Read More &raquo;<\/a><\/p>\n","protected":false},"author":1,"featured_media":0,"parent":0,"menu_order":0,"comment_status":"closed","ping_status":"closed","template":"elementor_header_footer","meta":{"site-sidebar-layout":"default","site-content-layout":"default","ast-main-header-display":"disabled","ast-hfb-above-header-display":"disabled","ast-hfb-below-header-display":"","ast-hfb-mobile-header-display":"","site-post-title":"disabled","ast-breadcrumbs-content":"","ast-featured-img":"","footer-sml-layout":"disabled","theme-transparent-header-meta":"","adv-header-id-meta":"","stick-header-meta":"","header-above-stick-meta":"","header-main-stick-meta":"","header-below-stick-meta":"","footnotes":""},"class_list":["post-2","page","type-page","status-publish","hentry"],"_links":{"self":[{"href":"https:\/\/linconlcompany.com\/index.php\/wp-json\/wp\/v2\/pages\/2","targetHints":{"allow":["GET"]}}],"collection":[{"href":"https:\/\/linconlcompany.com\/index.php\/wp-json\/wp\/v2\/pages"}],"about":[{"href":"https:\/\/linconlcompany.com\/index.php\/wp-json\/wp\/v2\/types\/page"}],"author":[{"embeddable":true,"href":"https:\/\/linconlcompany.com\/index.php\/wp-json\/wp\/v2\/users\/1"}],"replies":[{"embeddable":true,"href":"https:\/\/linconlcompany.com\/index.php\/wp-json\/wp\/v2\/comments?post=2"}],"version-history":[{"count":392,"href":"https:\/\/linconlcompany.com\/index.php\/wp-json\/wp\/v2\/pages\/2\/revisions"}],"predecessor-version":[{"id":521,"href":"https:\/\/linconlcompany.com\/index.php\/wp-json\/wp\/v2\/pages\/2\/revisions\/521"}],"wp:attachment":[{"href":"https:\/\/linconlcompany.com\/index.php\/wp-json\/wp\/v2\/media?parent=2"}],"curies":[{"name":"wp","href":"https:\/\/api.w.org\/{rel}","templated":true}]}}