{"id":155,"date":"2023-01-09T01:47:23","date_gmt":"2023-01-09T04:47:23","guid":{"rendered":"http:\/\/linconlcompany.com\/?page_id=155"},"modified":"2023-01-23T17:19:28","modified_gmt":"2023-01-23T20:19:28","slug":"quem-somos","status":"publish","type":"page","link":"https:\/\/linconlcompany.com\/index.php\/quem-somos\/","title":{"rendered":"Quem Somos ?"},"content":{"rendered":"<p>&#8220;A LINCONL COMPANY \u2013 Servi\u00e7os Web \u00e9 uma prestadora de servi\u00e7os em cria\u00e7\u00e3o, programa\u00e7\u00e3o e controle de m\u00eddias web, temos profissionais com vis\u00e3o macro de mercado, estamos no mercado desde 2004, sempre atualizados com as novas tecnologias mundiais.\u00a0<\/p>\n<p><strong>MISS\u00c3O <\/strong><br \/>Oferecer servi\u00e7os de qualidade adequando-se as novas tend\u00eancias do mercado, atendendo o cliente de forma eficiente, e em tempo h\u00e1bil.\u00a0<\/p>\n<p><strong>VIS\u00c3O<\/strong><br \/>Ser uma empresa reconhecida pelos servi\u00e7os de cria\u00e7\u00e3o de sites e sistemas, com atendimento de qualidade e transpar\u00eancia\u00a0<\/p>\n<p><strong>VALORES<br \/><\/strong>&#8220;Comprometimento,<br \/>Adaptabilidade, <br \/>\u00c9tica e Responsabilidade.&#8221;<\/p>\n","protected":false},"excerpt":{"rendered":"<p>&#8220;A LINCONL COMPANY \u2013 Servi\u00e7os Web \u00e9 uma prestadora de servi\u00e7os em cria\u00e7\u00e3o, programa\u00e7\u00e3o e controle de m\u00eddias web, temos profissionais com vis\u00e3o macro de mercado, estamos no mercado desde 2004, sempre atualizados com as novas tecnologias mundiais.\u00a0 MISS\u00c3O Oferecer servi\u00e7os de qualidade adequando-se as novas tend\u00eancias do mercado, atendendo o cliente de forma eficiente, &hellip;<\/p>\n<p class=\"read-more\"> <a class=\"\" href=\"https:\/\/linconlcompany.com\/index.php\/quem-somos\/\"> <span class=\"screen-reader-text\">Quem Somos ?<\/span> Read More &raquo;<\/a><\/p>\n","protected":false},"author":1,"featured_media":0,"parent":0,"menu_order":0,"comment_status":"closed","ping_status":"closed","template":"elementor_header_footer","meta":{"site-sidebar-layout":"no-sidebar","site-content-layout":"page-builder","ast-main-header-display":"disabled","ast-hfb-above-header-display":"disabled","ast-hfb-below-header-display":"","ast-hfb-mobile-header-display":"","site-post-title":"disabled","ast-breadcrumbs-content":"","ast-featured-img":"disabled","footer-sml-layout":"","theme-transparent-header-meta":"","adv-header-id-meta":"","stick-header-meta":"","header-above-stick-meta":"","header-main-stick-meta":"","header-below-stick-meta":"","footnotes":""},"class_list":["post-155","page","type-page","status-publish","hentry"],"_links":{"self":[{"href":"https:\/\/linconlcompany.com\/index.php\/wp-json\/wp\/v2\/pages\/155","targetHints":{"allow":["GET"]}}],"collection":[{"href":"https:\/\/linconlcompany.com\/index.php\/wp-json\/wp\/v2\/pages"}],"about":[{"href":"https:\/\/linconlcompany.com\/index.php\/wp-json\/wp\/v2\/types\/page"}],"author":[{"embeddable":true,"href":"https:\/\/linconlcompany.com\/index.php\/wp-json\/wp\/v2\/users\/1"}],"replies":[{"embeddable":true,"href":"https:\/\/linconlcompany.com\/index.php\/wp-json\/wp\/v2\/comments?post=155"}],"version-history":[{"count":11,"href":"https:\/\/linconlcompany.com\/index.php\/wp-json\/wp\/v2\/pages\/155\/revisions"}],"predecessor-version":[{"id":403,"href":"https:\/\/linconlcompany.com\/index.php\/wp-json\/wp\/v2\/pages\/155\/revisions\/403"}],"wp:attachment":[{"href":"https:\/\/linconlcompany.com\/index.php\/wp-json\/wp\/v2\/media?parent=155"}],"curies":[{"name":"wp","href":"https:\/\/api.w.org\/{rel}","templated":true}]}}